{"id":107,"date":"2021-09-12T17:57:46","date_gmt":"2021-09-12T20:57:46","guid":{"rendered":"https:\/\/stockshopcl.com\/?post_type=product&#038;p=107"},"modified":"2024-07-10T21:29:01","modified_gmt":"2024-07-11T00:29:01","slug":"humidificador-aromatizador","status":"publish","type":"product","link":"https:\/\/stockshopcl.com\/index.php\/product\/humidificador-aromatizador\/","title":{"rendered":"Humidificador Aromatizador"},"content":{"rendered":"<p>-Humidificador ultras\u00f3nico de aromaterapia de aire.<\/p>\n<p>&#8211; Adecuado para oficina, hogar, dormitorio, sala de estar, estudio, spa de yoga, etc.<\/p>\n<p>-Una luz nocturna perfecta de 7 colores de este difusor de aroma puede crear un ambiente relajante y rom\u00e1ntico.<\/p>\n<p>-Decoraci\u00f3n: elija la luz que le guste para hacer que la habitaci\u00f3n sea rom\u00e1ntica y feliz, huele bien.<\/p>\n<p>-Humidificar: humidificar el aire de la habitaci\u00f3n durante el verano y el invierno, refresca la calidad del aire que respiramos<\/p>\n<p>-Incluye cable USB y Filtro (el filtro debes mojarlo en el primer uso)<\/p>\n","protected":false},"excerpt":{"rendered":"<p>-Humidificador ultras\u00f3nico de aromaterapia de aire. &#8211; Adecuado para oficina, hogar, dormitorio, sala de estar, estudio, spa de yoga, etc. -Una luz nocturna perfecta de 7 colores de este difusor de aroma puede crear un ambiente relajante y rom\u00e1ntico. -Decoraci\u00f3n: elija la luz que le guste para hacer que la habitaci\u00f3n sea rom\u00e1ntica y feliz, &hellip;<\/p>\n<p class=\"read-more\"> <a class=\"\" href=\"https:\/\/stockshopcl.com\/index.php\/product\/humidificador-aromatizador\/\"> <span class=\"screen-reader-text\">Humidificador Aromatizador<\/span> Leer m\u00e1s &raquo;<\/a><\/p>\n","protected":false},"featured_media":109,"template":"","meta":[],"product_cat":[16],"product_tag":[28],"class_list":["post-107","product","type-product","status-publish","has-post-thumbnail","hentry","product_cat-tecnologia","product_tag-humidificador-aromatizador"],"_links":{"self":[{"href":"https:\/\/stockshopcl.com\/index.php\/wp-json\/wp\/v2\/product\/107"}],"collection":[{"href":"https:\/\/stockshopcl.com\/index.php\/wp-json\/wp\/v2\/product"}],"about":[{"href":"https:\/\/stockshopcl.com\/index.php\/wp-json\/wp\/v2\/types\/product"}],"wp:featuredmedia":[{"embeddable":true,"href":"https:\/\/stockshopcl.com\/index.php\/wp-json\/wp\/v2\/media\/109"}],"wp:attachment":[{"href":"https:\/\/stockshopcl.com\/index.php\/wp-json\/wp\/v2\/media?parent=107"}],"wp:term":[{"taxonomy":"product_cat","embeddable":true,"href":"https:\/\/stockshopcl.com\/index.php\/wp-json\/wp\/v2\/product_cat?post=107"},{"taxonomy":"product_tag","embeddable":true,"href":"https:\/\/stockshopcl.com\/index.php\/wp-json\/wp\/v2\/product_tag?post=107"}],"curies":[{"name":"wp","href":"https:\/\/api.w.org\/{rel}","templated":true}]}}