{"id":115,"date":"2021-09-12T18:14:13","date_gmt":"2021-09-12T21:14:13","guid":{"rendered":"https:\/\/stockshopcl.com\/?post_type=product&#038;p=115"},"modified":"2024-07-10T21:28:18","modified_gmt":"2024-07-11T00:28:18","slug":"batidora-licuadora-juguera-electrica-portatil","status":"publish","type":"product","link":"https:\/\/stockshopcl.com\/index.php\/product\/batidora-licuadora-juguera-electrica-portatil\/","title":{"rendered":"Batidora El\u00e9ctrica Port\u00e1til"},"content":{"rendered":"<p>Esta batidora es ideal para hacer batidos nutritivos de una sola porci\u00f3n, mezclas de zuko, frutas y verduras, caf\u00e9, leche en polvo, batido de prote\u00ednas, comida suplementaria para beb\u00e9s y m\u00e1scara hecha a mano. Ideal para la salud ya puedes preparar donde quiera que est\u00e9s unos deliciosos Smoothie o Botados Proteicos Con la Licuadora Recargable \u00fanico dise\u00f1o de Carga USB Verdaderamente port\u00e1til y convenientemente solo debes mezclar lo que quieras frutas etc y beber de la misma botella.<\/p>\n<p>&#8211; \u00danico dise\u00f1o de Carga USB Verdaderamente port\u00e1til y convenientemente hace usted mezclar y beber de la misma botella.<\/p>\n<p>&#8211; La podr\u00e1s usar en cualquier lugar sin importar en viajes comida campestre o incluso en la oficina que usted mismo puede dar un vaso de zumo reci\u00e9n exprimido<\/p>\n<p>&#8211; Hecho de material ecol\u00f3gico, no t\u00f3xico de polipropileno y pl\u00e1stico ABS, sin BPA, parte inferior de silicona, antideslizante y absorci\u00f3n de impactos.<\/p>\n<p>Caracter\u00edsticas destacadas<br \/>\n&#8211; Nuevo, f\u00e1cil de limpiar y utilizar.<br \/>\n&#8211; Batidos de prote\u00ednas, mezclador, picadora de hielo y licuadora.<br \/>\n&#8211; Motor de alta potencia.<br \/>\n&#8211; Dise\u00f1o de fondo antideslizante.<br \/>\n&#8211; Policarbonato a prueba de \u00e1cidos.<br \/>\n&#8211; Cuchillas de acero inoxidable.<br \/>\n&#8211; Verdaderamente port\u00e1til con bater\u00eda recargable con cable USB.<\/p>\n","protected":false},"excerpt":{"rendered":"<p>Esta batidora es ideal para hacer batidos nutritivos de una sola porci\u00f3n, mezclas de zuko, frutas y verduras, caf\u00e9, leche en polvo, batido de prote\u00ednas, comida suplementaria para beb\u00e9s y m\u00e1scara hecha a mano. Ideal para la salud ya puedes preparar donde quiera que est\u00e9s unos deliciosos Smoothie o Botados Proteicos Con la Licuadora Recargable &hellip;<\/p>\n<p class=\"read-more\"> <a class=\"\" href=\"https:\/\/stockshopcl.com\/index.php\/product\/batidora-licuadora-juguera-electrica-portatil\/\"> <span class=\"screen-reader-text\">Batidora El\u00e9ctrica Port\u00e1til<\/span> Leer m\u00e1s &raquo;<\/a><\/p>\n","protected":false},"featured_media":121,"template":"","meta":[],"product_cat":[16],"product_tag":[29],"class_list":["post-115","product","type-product","status-publish","has-post-thumbnail","hentry","product_cat-tecnologia","product_tag-licuadora-portatil"],"_links":{"self":[{"href":"https:\/\/stockshopcl.com\/index.php\/wp-json\/wp\/v2\/product\/115"}],"collection":[{"href":"https:\/\/stockshopcl.com\/index.php\/wp-json\/wp\/v2\/product"}],"about":[{"href":"https:\/\/stockshopcl.com\/index.php\/wp-json\/wp\/v2\/types\/product"}],"wp:featuredmedia":[{"embeddable":true,"href":"https:\/\/stockshopcl.com\/index.php\/wp-json\/wp\/v2\/media\/121"}],"wp:attachment":[{"href":"https:\/\/stockshopcl.com\/index.php\/wp-json\/wp\/v2\/media?parent=115"}],"wp:term":[{"taxonomy":"product_cat","embeddable":true,"href":"https:\/\/stockshopcl.com\/index.php\/wp-json\/wp\/v2\/product_cat?post=115"},{"taxonomy":"product_tag","embeddable":true,"href":"https:\/\/stockshopcl.com\/index.php\/wp-json\/wp\/v2\/product_tag?post=115"}],"curies":[{"name":"wp","href":"https:\/\/api.w.org\/{rel}","templated":true}]}}