{"id":1152,"date":"2021-10-01T17:25:29","date_gmt":"2021-10-01T20:25:29","guid":{"rendered":"https:\/\/stockshopcl.com\/?post_type=product&#038;p=1152"},"modified":"2024-07-10T21:11:48","modified_gmt":"2024-07-11T00:11:48","slug":"rodillo-masajeador-facial","status":"publish","type":"product","link":"https:\/\/stockshopcl.com\/index.php\/product\/rodillo-masajeador-facial\/","title":{"rendered":"Rodillo Masajeador Facial"},"content":{"rendered":"<p>Se usa con movimientos suaves, drenantes, drenando la ninfa hacia los ganglios,se puede usar con gel, aceites esenciales o solo,van a lograr beneficios, antiagging y descongestivo. Ideal para usar en los parpados,para ojos hinchados y sinusitis.<\/p>\n<p>1: Reduzca la hinchaz\u00f3n y las ojeras alrededor de los ojos.<br \/>\n2: Alivia la tensi\u00f3n facial, las l\u00edneas finas y las arrugas.<br \/>\n3: Mantenga la elasticidad de su piel, promueva la circulaci\u00f3n e integre energ\u00eda natural.<br \/>\n4: Sensaci\u00f3n suave al tacto.<br \/>\n5: F\u00e1cil de usar y port\u00e1til.<\/p>\n<p>Uso:<br \/>\nUtilice el rodillo hacia arriba desde el ment\u00f3n hasta la frente en la direcci\u00f3n contra la gravedad. De acuerdo con su horario diario para usar el rodillo, es mejor que lo use tres d\u00edas en una semana y de 5 a 10 minutos es suficiente a la vez.<\/p>\n","protected":false},"excerpt":{"rendered":"<p>Se usa con movimientos suaves, drenantes, drenando la ninfa hacia los ganglios,se puede usar con gel, aceites esenciales o solo,van a lograr beneficios, antiagging y descongestivo. Ideal para usar en los parpados,para ojos hinchados y sinusitis. 1: Reduzca la hinchaz\u00f3n y las ojeras alrededor de los ojos. 2: Alivia la tensi\u00f3n facial, las l\u00edneas finas &hellip;<\/p>\n<p class=\"read-more\"> <a class=\"\" href=\"https:\/\/stockshopcl.com\/index.php\/product\/rodillo-masajeador-facial\/\"> <span class=\"screen-reader-text\">Rodillo Masajeador Facial<\/span> Leer m\u00e1s &raquo;<\/a><\/p>\n","protected":false},"featured_media":1153,"template":"","meta":[],"product_cat":[16],"product_tag":[181],"class_list":["post-1152","product","type-product","status-publish","has-post-thumbnail","hentry","product_cat-tecnologia","product_tag-masajeador-facial"],"_links":{"self":[{"href":"https:\/\/stockshopcl.com\/index.php\/wp-json\/wp\/v2\/product\/1152"}],"collection":[{"href":"https:\/\/stockshopcl.com\/index.php\/wp-json\/wp\/v2\/product"}],"about":[{"href":"https:\/\/stockshopcl.com\/index.php\/wp-json\/wp\/v2\/types\/product"}],"wp:featuredmedia":[{"embeddable":true,"href":"https:\/\/stockshopcl.com\/index.php\/wp-json\/wp\/v2\/media\/1153"}],"wp:attachment":[{"href":"https:\/\/stockshopcl.com\/index.php\/wp-json\/wp\/v2\/media?parent=1152"}],"wp:term":[{"taxonomy":"product_cat","embeddable":true,"href":"https:\/\/stockshopcl.com\/index.php\/wp-json\/wp\/v2\/product_cat?post=1152"},{"taxonomy":"product_tag","embeddable":true,"href":"https:\/\/stockshopcl.com\/index.php\/wp-json\/wp\/v2\/product_tag?post=1152"}],"curies":[{"name":"wp","href":"https:\/\/api.w.org\/{rel}","templated":true}]}}