{"id":1227,"date":"2021-10-03T12:14:54","date_gmt":"2021-10-03T15:14:54","guid":{"rendered":"https:\/\/stockshopcl.com\/?post_type=product&#038;p=1227"},"modified":"2023-08-09T01:09:30","modified_gmt":"2023-08-09T04:09:30","slug":"polera-minnie-mouse","status":"publish","type":"product","link":"https:\/\/stockshopcl.com\/index.php\/product\/polera-minnie-mouse\/","title":{"rendered":"Polera Minnie Mouse"},"content":{"rendered":"<p>Polera moderna, cuello redondo, manga corta.<\/p>\n<p>Disponible en tallas M color negro.<\/p>\n<p>Tallas \u00fanicas unisex y de 100% Algod\u00f3n.<\/p>\n<p>Material de estampado altamente resistente a lavadas (no se da\u00f1a).<\/p>\n","protected":false},"excerpt":{"rendered":"<p>Polera moderna, cuello redondo, manga corta. Disponible en tallas M color negro. Tallas \u00fanicas unisex y de 100% Algod\u00f3n. Material de estampado altamente resistente a lavadas (no se da\u00f1a).<\/p>\n","protected":false},"featured_media":1233,"template":"","meta":[],"product_cat":[49],"product_tag":[184],"class_list":["post-1227","product","type-product","status-publish","has-post-thumbnail","hentry","product_cat-poleras","product_tag-polera-minnie-mouse"],"_links":{"self":[{"href":"https:\/\/stockshopcl.com\/index.php\/wp-json\/wp\/v2\/product\/1227"}],"collection":[{"href":"https:\/\/stockshopcl.com\/index.php\/wp-json\/wp\/v2\/product"}],"about":[{"href":"https:\/\/stockshopcl.com\/index.php\/wp-json\/wp\/v2\/types\/product"}],"wp:featuredmedia":[{"embeddable":true,"href":"https:\/\/stockshopcl.com\/index.php\/wp-json\/wp\/v2\/media\/1233"}],"wp:attachment":[{"href":"https:\/\/stockshopcl.com\/index.php\/wp-json\/wp\/v2\/media?parent=1227"}],"wp:term":[{"taxonomy":"product_cat","embeddable":true,"href":"https:\/\/stockshopcl.com\/index.php\/wp-json\/wp\/v2\/product_cat?post=1227"},{"taxonomy":"product_tag","embeddable":true,"href":"https:\/\/stockshopcl.com\/index.php\/wp-json\/wp\/v2\/product_tag?post=1227"}],"curies":[{"name":"wp","href":"https:\/\/api.w.org\/{rel}","templated":true}]}}