{"id":1430,"date":"2021-12-08T16:04:01","date_gmt":"2021-12-08T19:04:01","guid":{"rendered":"https:\/\/stockshopcl.com\/?post_type=product&#038;p=1430"},"modified":"2023-08-10T01:24:45","modified_gmt":"2023-08-10T04:24:45","slug":"polera-harley-davidson-2","status":"publish","type":"product","link":"https:\/\/stockshopcl.com\/index.php\/product\/polera-harley-davidson-2\/","title":{"rendered":"Polera Harley Davidson &#8211;"},"content":{"rendered":"<p>Polera cl\u00e1sica, cuello redondo, manga corta y de 100% Algod\u00f3n.<\/p>\n<p>Disponible en tallas M, L, XL color negro.<\/p>\n<p>Material de estampado altamente resistente a lavadas (no se da\u00f1a).<\/p>\n<p>Hacemos env\u00edos a todo chile.<\/p>\n","protected":false},"excerpt":{"rendered":"<p>Polera cl\u00e1sica, cuello redondo, manga corta y de 100% Algod\u00f3n. Disponible en tallas M, L, XL color negro. Material de estampado altamente resistente a lavadas (no se da\u00f1a). Hacemos env\u00edos a todo chile.<\/p>\n","protected":false},"featured_media":837,"template":"","meta":[],"product_cat":[49],"product_tag":[23],"class_list":["post-1430","product","type-product","status-publish","has-post-thumbnail","hentry","product_cat-poleras","product_tag-polera-harley-davidson"],"_links":{"self":[{"href":"https:\/\/stockshopcl.com\/index.php\/wp-json\/wp\/v2\/product\/1430"}],"collection":[{"href":"https:\/\/stockshopcl.com\/index.php\/wp-json\/wp\/v2\/product"}],"about":[{"href":"https:\/\/stockshopcl.com\/index.php\/wp-json\/wp\/v2\/types\/product"}],"wp:featuredmedia":[{"embeddable":true,"href":"https:\/\/stockshopcl.com\/index.php\/wp-json\/wp\/v2\/media\/837"}],"wp:attachment":[{"href":"https:\/\/stockshopcl.com\/index.php\/wp-json\/wp\/v2\/media?parent=1430"}],"wp:term":[{"taxonomy":"product_cat","embeddable":true,"href":"https:\/\/stockshopcl.com\/index.php\/wp-json\/wp\/v2\/product_cat?post=1430"},{"taxonomy":"product_tag","embeddable":true,"href":"https:\/\/stockshopcl.com\/index.php\/wp-json\/wp\/v2\/product_tag?post=1430"}],"curies":[{"name":"wp","href":"https:\/\/api.w.org\/{rel}","templated":true}]}}