{"id":1691,"date":"2022-01-15T13:16:20","date_gmt":"2022-01-15T16:16:20","guid":{"rendered":"https:\/\/stockshopcl.com\/?post_type=product&#038;p=1691"},"modified":"2024-07-10T21:07:28","modified_gmt":"2024-07-11T00:07:28","slug":"audifono-gamer-led","status":"publish","type":"product","link":"https:\/\/stockshopcl.com\/index.php\/product\/audifono-gamer-led\/","title":{"rendered":"Audifono Gamer Led"},"content":{"rendered":"<p>AUDIFONOS GAMER!<\/p>\n<p>Descripci\u00f3n general del producto:<br \/>\n&#8211; Color azul con negro.<br \/>\n&#8211; Al conectar el puerto USB obtendremos la iluminaci\u00f3n gaming en led azul.<br \/>\n&#8211; Sonido envolvente<br \/>\n&#8211; Micr\u00f3fono<br \/>\n&#8211; Acolchado<br \/>\n&#8212;&#8212;&#8212;&#8212;&#8212;&#8212;&#8212;&#8212;&#8212;&#8212;&#8212;&#8212;&#8212;&#8212;&#8212;&#8212;&#8212;&#8212;&#8212;&#8212;&#8212;&#8212;&#8212;&#8212;&#8212;&#8212;&#8212;&#8212;&#8212;<br \/>\nDescripci\u00f3n t\u00e9cnica:<br \/>\n&#8211; Tama\u00f1o de bocina 40 mm<br \/>\n&#8211; Rango de frecuencia 20Hz-20KHz<br \/>\n&#8211; Micr\u00f3fono 6.0&#215;5.0mm<br \/>\n&#8211; Direcci\u00f3n para todas las direcciones<br \/>\n&#8211; Voltaje de trabajo del LED DC5V +- 5%<br \/>\n&#8211; Corriente de trabajo 500mA<br \/>\n&#8211; Cable de 2 Metros<br \/>\n&#8212;&#8212;&#8212;&#8212;&#8212;&#8212;&#8212;&#8212;&#8212;&#8212;&#8212;&#8212;&#8212;&#8212;&#8212;&#8212;&#8212;&#8212;&#8212;&#8212;&#8212;&#8212;&#8212;&#8212;&#8212;&#8212;&#8212;&#8212;&#8212;&#8212;<br \/>\nCons\u00faltanos!<\/p>\n","protected":false},"excerpt":{"rendered":"<p>AUDIFONOS GAMER! Descripci\u00f3n general del producto: &#8211; Color azul con negro. &#8211; Al conectar el puerto USB obtendremos la iluminaci\u00f3n gaming en led azul. &#8211; Sonido envolvente &#8211; Micr\u00f3fono &#8211; Acolchado &#8212;&#8212;&#8212;&#8212;&#8212;&#8212;&#8212;&#8212;&#8212;&#8212;&#8212;&#8212;&#8212;&#8212;&#8212;&#8212;&#8212;&#8212;&#8212;&#8212;&#8212;&#8212;&#8212;&#8212;&#8212;&#8212;&#8212;&#8212;&#8212; Descripci\u00f3n t\u00e9cnica: &#8211; Tama\u00f1o de bocina 40 mm &#8211; Rango de frecuencia 20Hz-20KHz &#8211; Micr\u00f3fono 6.0&#215;5.0mm &#8211; Direcci\u00f3n para todas las direcciones &#8211; &hellip;<\/p>\n<p class=\"read-more\"> <a class=\"\" href=\"https:\/\/stockshopcl.com\/index.php\/product\/audifono-gamer-led\/\"> <span class=\"screen-reader-text\">Audifono Gamer Led<\/span> Leer m\u00e1s &raquo;<\/a><\/p>\n","protected":false},"featured_media":1692,"template":"","meta":[],"product_cat":[16],"product_tag":[216],"class_list":["post-1691","product","type-product","status-publish","has-post-thumbnail","hentry","product_cat-tecnologia","product_tag-audifono-gamer-led"],"_links":{"self":[{"href":"https:\/\/stockshopcl.com\/index.php\/wp-json\/wp\/v2\/product\/1691"}],"collection":[{"href":"https:\/\/stockshopcl.com\/index.php\/wp-json\/wp\/v2\/product"}],"about":[{"href":"https:\/\/stockshopcl.com\/index.php\/wp-json\/wp\/v2\/types\/product"}],"wp:featuredmedia":[{"embeddable":true,"href":"https:\/\/stockshopcl.com\/index.php\/wp-json\/wp\/v2\/media\/1692"}],"wp:attachment":[{"href":"https:\/\/stockshopcl.com\/index.php\/wp-json\/wp\/v2\/media?parent=1691"}],"wp:term":[{"taxonomy":"product_cat","embeddable":true,"href":"https:\/\/stockshopcl.com\/index.php\/wp-json\/wp\/v2\/product_cat?post=1691"},{"taxonomy":"product_tag","embeddable":true,"href":"https:\/\/stockshopcl.com\/index.php\/wp-json\/wp\/v2\/product_tag?post=1691"}],"curies":[{"name":"wp","href":"https:\/\/api.w.org\/{rel}","templated":true}]}}