{"id":1726,"date":"2022-01-21T17:22:32","date_gmt":"2022-01-21T20:22:32","guid":{"rendered":"https:\/\/stockshopcl.com\/?post_type=product&#038;p=1726"},"modified":"2022-01-21T17:22:32","modified_gmt":"2022-01-21T20:22:32","slug":"luces-led-para-bicicletas","status":"publish","type":"product","link":"https:\/\/stockshopcl.com\/index.php\/product\/luces-led-para-bicicletas\/","title":{"rendered":"Luces LED para bicicletas"},"content":{"rendered":"<p>-Luces LED brillantes para bicicleta, con tres opciones de intermitencia.<br \/>\n-Con bater\u00eda de litio de gran capacidad incorporada, recargable con cable USB muy conveniente y con bajo consumo de energ\u00eda.<br \/>\n-Altavoces de alto decibelio para el llamado de atenci\u00f3n a veh\u00edculos.<br \/>\n-Dise\u00f1o impermeable, se puede utilizar normalmente en climas lluviosos y nevados.<\/p>\n","protected":false},"excerpt":{"rendered":"<p>-Luces LED brillantes para bicicleta, con tres opciones de intermitencia. -Con bater\u00eda de litio de gran capacidad incorporada, recargable con cable USB muy conveniente y con bajo consumo de energ\u00eda. -Altavoces de alto decibelio para el llamado de atenci\u00f3n a veh\u00edculos. -Dise\u00f1o impermeable, se puede utilizar normalmente en climas lluviosos y nevados.<\/p>\n","protected":false},"featured_media":1728,"template":"","meta":[],"product_cat":[16],"product_tag":[227],"class_list":["post-1726","product","type-product","status-publish","has-post-thumbnail","hentry","product_cat-tecnologia","product_tag-luces-led-para-bicicletas"],"_links":{"self":[{"href":"https:\/\/stockshopcl.com\/index.php\/wp-json\/wp\/v2\/product\/1726"}],"collection":[{"href":"https:\/\/stockshopcl.com\/index.php\/wp-json\/wp\/v2\/product"}],"about":[{"href":"https:\/\/stockshopcl.com\/index.php\/wp-json\/wp\/v2\/types\/product"}],"wp:featuredmedia":[{"embeddable":true,"href":"https:\/\/stockshopcl.com\/index.php\/wp-json\/wp\/v2\/media\/1728"}],"wp:attachment":[{"href":"https:\/\/stockshopcl.com\/index.php\/wp-json\/wp\/v2\/media?parent=1726"}],"wp:term":[{"taxonomy":"product_cat","embeddable":true,"href":"https:\/\/stockshopcl.com\/index.php\/wp-json\/wp\/v2\/product_cat?post=1726"},{"taxonomy":"product_tag","embeddable":true,"href":"https:\/\/stockshopcl.com\/index.php\/wp-json\/wp\/v2\/product_tag?post=1726"}],"curies":[{"name":"wp","href":"https:\/\/api.w.org\/{rel}","templated":true}]}}