{"id":183,"date":"2021-09-13T15:50:41","date_gmt":"2021-09-13T18:50:41","guid":{"rendered":"https:\/\/stockshopcl.com\/?post_type=product&#038;p=183"},"modified":"2024-07-10T21:24:30","modified_gmt":"2024-07-11T00:24:30","slug":"soporte-de-telefono","status":"publish","type":"product","link":"https:\/\/stockshopcl.com\/index.php\/product\/soporte-de-telefono\/","title":{"rendered":"Soporte de Tel\u00e9fono Moto"},"content":{"rendered":"<p>-Soporte de tel\u00e9fono para moto o bicicletas.<\/p>\n<p>-Podr\u00e1s graduarlo al \u00e1ngulo mas c\u00f3modo.<\/p>\n<p>-Compatible para cualquier equipo ya que las pinzas se ajustan al tama\u00f1o.<\/p>\n<p>-Fuerte y resistente.<\/p>\n","protected":false},"excerpt":{"rendered":"<p>-Soporte de tel\u00e9fono para moto o bicicletas. -Podr\u00e1s graduarlo al \u00e1ngulo mas c\u00f3modo. -Compatible para cualquier equipo ya que las pinzas se ajustan al tama\u00f1o. -Fuerte y resistente.<\/p>\n","protected":false},"featured_media":184,"template":"","meta":[],"product_cat":[16],"product_tag":[43],"class_list":["post-183","product","type-product","status-publish","has-post-thumbnail","hentry","product_cat-tecnologia","product_tag-soporte-de-telefono"],"_links":{"self":[{"href":"https:\/\/stockshopcl.com\/index.php\/wp-json\/wp\/v2\/product\/183"}],"collection":[{"href":"https:\/\/stockshopcl.com\/index.php\/wp-json\/wp\/v2\/product"}],"about":[{"href":"https:\/\/stockshopcl.com\/index.php\/wp-json\/wp\/v2\/types\/product"}],"wp:featuredmedia":[{"embeddable":true,"href":"https:\/\/stockshopcl.com\/index.php\/wp-json\/wp\/v2\/media\/184"}],"wp:attachment":[{"href":"https:\/\/stockshopcl.com\/index.php\/wp-json\/wp\/v2\/media?parent=183"}],"wp:term":[{"taxonomy":"product_cat","embeddable":true,"href":"https:\/\/stockshopcl.com\/index.php\/wp-json\/wp\/v2\/product_cat?post=183"},{"taxonomy":"product_tag","embeddable":true,"href":"https:\/\/stockshopcl.com\/index.php\/wp-json\/wp\/v2\/product_tag?post=183"}],"curies":[{"name":"wp","href":"https:\/\/api.w.org\/{rel}","templated":true}]}}