{"id":185,"date":"2021-09-13T15:56:08","date_gmt":"2021-09-13T18:56:08","guid":{"rendered":"https:\/\/stockshopcl.com\/?post_type=product&#038;p=185"},"modified":"2024-07-10T21:23:57","modified_gmt":"2024-07-11T00:23:57","slug":"pizarra-magica","status":"publish","type":"product","link":"https:\/\/stockshopcl.com\/index.php\/product\/pizarra-magica\/","title":{"rendered":"Pizarra M\u00e1gica"},"content":{"rendered":"<p>Practica y novedosa pizarra m\u00e1gica para que ni\u00f1os y ni\u00f1as pongan a prueba su infinita creatividad, con 8 efectos de luz, 3 marcadores ne\u00f3n, limpiador, plantillas para dibujar y calquear. Incluye bater\u00edas!<\/p>\n","protected":false},"excerpt":{"rendered":"<p>Practica y novedosa pizarra m\u00e1gica para que ni\u00f1os y ni\u00f1as pongan a prueba su infinita creatividad, con 8 efectos de luz, 3 marcadores ne\u00f3n, limpiador, plantillas para dibujar y calquear. Incluye bater\u00edas!<\/p>\n","protected":false},"featured_media":186,"template":"","meta":[],"product_cat":[16],"product_tag":[45],"class_list":["post-185","product","type-product","status-publish","has-post-thumbnail","hentry","product_cat-tecnologia","product_tag-juguetes-para-ninos"],"_links":{"self":[{"href":"https:\/\/stockshopcl.com\/index.php\/wp-json\/wp\/v2\/product\/185"}],"collection":[{"href":"https:\/\/stockshopcl.com\/index.php\/wp-json\/wp\/v2\/product"}],"about":[{"href":"https:\/\/stockshopcl.com\/index.php\/wp-json\/wp\/v2\/types\/product"}],"wp:featuredmedia":[{"embeddable":true,"href":"https:\/\/stockshopcl.com\/index.php\/wp-json\/wp\/v2\/media\/186"}],"wp:attachment":[{"href":"https:\/\/stockshopcl.com\/index.php\/wp-json\/wp\/v2\/media?parent=185"}],"wp:term":[{"taxonomy":"product_cat","embeddable":true,"href":"https:\/\/stockshopcl.com\/index.php\/wp-json\/wp\/v2\/product_cat?post=185"},{"taxonomy":"product_tag","embeddable":true,"href":"https:\/\/stockshopcl.com\/index.php\/wp-json\/wp\/v2\/product_tag?post=185"}],"curies":[{"name":"wp","href":"https:\/\/api.w.org\/{rel}","templated":true}]}}