{"id":3550,"date":"2025-09-01T17:28:21","date_gmt":"2025-09-01T20:28:21","guid":{"rendered":"https:\/\/stockshopcl.com\/?post_type=product&#038;p=3550"},"modified":"2025-09-23T19:16:50","modified_gmt":"2025-09-23T22:16:50","slug":"chaqueta-cafe-aviadora-mujer","status":"publish","type":"product","link":"https:\/\/stockshopcl.com\/index.php\/product\/chaqueta-cafe-aviadora-mujer\/","title":{"rendered":"Chaqueta Cafe Aviadora Mujer"},"content":{"rendered":"<p>La chaqueta aviadora es la elecci\u00f3n perfecta para quienes buscan estilo y funcionalidad en la temporada de oto\u00f1o\/invierno. Dise\u00f1ada en su interior con chiporro para mantenerte c\u00e1lida, esta prenda combina un dise\u00f1o moderno con la comodidad necesaria para enfrentar el fr\u00edo. Su construcci\u00f3n ultra liviana permite una gran libertad de movimiento.<\/p>\n","protected":false},"excerpt":{"rendered":"<p>La chaqueta aviadora es la elecci\u00f3n perfecta para quienes buscan estilo y funcionalidad en la temporada de oto\u00f1o\/invierno. Dise\u00f1ada en su interior con chiporro para mantenerte c\u00e1lida, esta prenda combina un dise\u00f1o moderno con la comodidad necesaria para enfrentar el fr\u00edo. Su construcci\u00f3n ultra liviana permite una gran libertad de movimiento.<\/p>\n","protected":false},"featured_media":3783,"template":"","meta":[],"product_cat":[239],"product_tag":[],"class_list":["post-3550","product","type-product","status-publish","has-post-thumbnail","hentry","product_cat-vestuario-de-dama"],"_links":{"self":[{"href":"https:\/\/stockshopcl.com\/index.php\/wp-json\/wp\/v2\/product\/3550"}],"collection":[{"href":"https:\/\/stockshopcl.com\/index.php\/wp-json\/wp\/v2\/product"}],"about":[{"href":"https:\/\/stockshopcl.com\/index.php\/wp-json\/wp\/v2\/types\/product"}],"wp:featuredmedia":[{"embeddable":true,"href":"https:\/\/stockshopcl.com\/index.php\/wp-json\/wp\/v2\/media\/3783"}],"wp:attachment":[{"href":"https:\/\/stockshopcl.com\/index.php\/wp-json\/wp\/v2\/media?parent=3550"}],"wp:term":[{"taxonomy":"product_cat","embeddable":true,"href":"https:\/\/stockshopcl.com\/index.php\/wp-json\/wp\/v2\/product_cat?post=3550"},{"taxonomy":"product_tag","embeddable":true,"href":"https:\/\/stockshopcl.com\/index.php\/wp-json\/wp\/v2\/product_tag?post=3550"}],"curies":[{"name":"wp","href":"https:\/\/api.w.org\/{rel}","templated":true}]}}