{"id":3613,"date":"2025-09-05T18:03:22","date_gmt":"2025-09-05T21:03:22","guid":{"rendered":"https:\/\/stockshopcl.com\/?post_type=product&#038;p=3613"},"modified":"2025-09-24T17:51:26","modified_gmt":"2025-09-24T20:51:26","slug":"conjunto-jean-oscuro-lazo","status":"publish","type":"product","link":"https:\/\/stockshopcl.com\/index.php\/product\/conjunto-jean-oscuro-lazo\/","title":{"rendered":"Conjunto Jean Oscuro Lazo"},"content":{"rendered":"<p>Conjunto jean dise\u00f1o Lazo<\/p>\n<p>Moda primavera \u2013 verano<\/p>\n<p>Talla est\u00e1ndar, en la imagen incluye las medidas en Cm como referencia.<\/p>\n<p>CAMISA + SHORT<\/p>\n<p>Estamos ubicados en Viana 33, Vi\u00f1a del Mar , hacemos entregas y env\u00edos a todo chile, domicilio o sucursales de preferencia<\/p>\n<p>Starken \u2013 Chileexpress \u2013 Bluexpress \u2013 Paket<\/p>\n<p>Siguenos en nuestras redes sociales instagram y Tik Tok como: @stockshopcl<\/p>\n","protected":false},"excerpt":{"rendered":"<p>Conjunto jean dise\u00f1o Lazo Moda primavera \u2013 verano Talla est\u00e1ndar, en la imagen incluye las medidas en Cm como referencia. CAMISA + SHORT Estamos ubicados en Viana 33, Vi\u00f1a del Mar , hacemos entregas y env\u00edos a todo chile, domicilio o sucursales de preferencia Starken \u2013 Chileexpress \u2013 Bluexpress \u2013 Paket Siguenos en nuestras redes &hellip;<\/p>\n<p class=\"read-more\"> <a class=\"\" href=\"https:\/\/stockshopcl.com\/index.php\/product\/conjunto-jean-oscuro-lazo\/\"> <span class=\"screen-reader-text\">Conjunto Jean Oscuro Lazo<\/span> Leer m\u00e1s &raquo;<\/a><\/p>\n","protected":false},"featured_media":3811,"template":"","meta":[],"product_cat":[239],"product_tag":[],"class_list":["post-3613","product","type-product","status-publish","has-post-thumbnail","hentry","product_cat-vestuario-de-dama"],"_links":{"self":[{"href":"https:\/\/stockshopcl.com\/index.php\/wp-json\/wp\/v2\/product\/3613"}],"collection":[{"href":"https:\/\/stockshopcl.com\/index.php\/wp-json\/wp\/v2\/product"}],"about":[{"href":"https:\/\/stockshopcl.com\/index.php\/wp-json\/wp\/v2\/types\/product"}],"wp:featuredmedia":[{"embeddable":true,"href":"https:\/\/stockshopcl.com\/index.php\/wp-json\/wp\/v2\/media\/3811"}],"wp:attachment":[{"href":"https:\/\/stockshopcl.com\/index.php\/wp-json\/wp\/v2\/media?parent=3613"}],"wp:term":[{"taxonomy":"product_cat","embeddable":true,"href":"https:\/\/stockshopcl.com\/index.php\/wp-json\/wp\/v2\/product_cat?post=3613"},{"taxonomy":"product_tag","embeddable":true,"href":"https:\/\/stockshopcl.com\/index.php\/wp-json\/wp\/v2\/product_tag?post=3613"}],"curies":[{"name":"wp","href":"https:\/\/api.w.org\/{rel}","templated":true}]}}