{"id":3624,"date":"2025-09-05T18:32:31","date_gmt":"2025-09-05T21:32:31","guid":{"rendered":"https:\/\/stockshopcl.com\/?post_type=product&#038;p=3624"},"modified":"2025-09-24T17:55:37","modified_gmt":"2025-09-24T20:55:37","slug":"conjunto-jean-oscuro-corazones","status":"publish","type":"product","link":"https:\/\/stockshopcl.com\/index.php\/product\/conjunto-jean-oscuro-corazones\/","title":{"rendered":"Outfit Jean Oscuro Verano"},"content":{"rendered":"<p>Conjunto jean dise\u00f1o Corazones<\/p>\n<p>Moda primavera \u2013 verano<\/p>\n<p>Talla est\u00e1ndar, en la imagen incluye las medidas en Cm como referencia.<\/p>\n<p>CAMISA + SHORT<\/p>\n<p>Estamos ubicados en Viana 33, Vi\u00f1a del Mar , hacemos entregas y env\u00edos a todo chile, domicilio o sucursales de preferencia<\/p>\n<p>Starken \u2013 Chileexpress \u2013 Bluexpress \u2013 Paket<\/p>\n<p>Siguenos en nuestras redes sociales instagram y Tik Tok como: @stockshopcl<\/p>\n","protected":false},"excerpt":{"rendered":"<p>Conjunto jean dise\u00f1o Corazones Moda primavera \u2013 verano Talla est\u00e1ndar, en la imagen incluye las medidas en Cm como referencia. CAMISA + SHORT Estamos ubicados en Viana 33, Vi\u00f1a del Mar , hacemos entregas y env\u00edos a todo chile, domicilio o sucursales de preferencia Starken \u2013 Chileexpress \u2013 Bluexpress \u2013 Paket Siguenos en nuestras redes &hellip;<\/p>\n<p class=\"read-more\"> <a class=\"\" href=\"https:\/\/stockshopcl.com\/index.php\/product\/conjunto-jean-oscuro-corazones\/\"> <span class=\"screen-reader-text\">Outfit Jean Oscuro Verano<\/span> Leer m\u00e1s &raquo;<\/a><\/p>\n","protected":false},"featured_media":3810,"template":"","meta":[],"product_cat":[239],"product_tag":[],"class_list":["post-3624","product","type-product","status-publish","has-post-thumbnail","hentry","product_cat-vestuario-de-dama"],"_links":{"self":[{"href":"https:\/\/stockshopcl.com\/index.php\/wp-json\/wp\/v2\/product\/3624"}],"collection":[{"href":"https:\/\/stockshopcl.com\/index.php\/wp-json\/wp\/v2\/product"}],"about":[{"href":"https:\/\/stockshopcl.com\/index.php\/wp-json\/wp\/v2\/types\/product"}],"wp:featuredmedia":[{"embeddable":true,"href":"https:\/\/stockshopcl.com\/index.php\/wp-json\/wp\/v2\/media\/3810"}],"wp:attachment":[{"href":"https:\/\/stockshopcl.com\/index.php\/wp-json\/wp\/v2\/media?parent=3624"}],"wp:term":[{"taxonomy":"product_cat","embeddable":true,"href":"https:\/\/stockshopcl.com\/index.php\/wp-json\/wp\/v2\/product_cat?post=3624"},{"taxonomy":"product_tag","embeddable":true,"href":"https:\/\/stockshopcl.com\/index.php\/wp-json\/wp\/v2\/product_tag?post=3624"}],"curies":[{"name":"wp","href":"https:\/\/api.w.org\/{rel}","templated":true}]}}