{"id":3630,"date":"2025-09-05T19:10:40","date_gmt":"2025-09-05T22:10:40","guid":{"rendered":"https:\/\/stockshopcl.com\/?post_type=product&#038;p=3630"},"modified":"2025-09-25T13:55:09","modified_gmt":"2025-09-25T16:55:09","slug":"chaqueta-mezclilla-clara-fresas","status":"publish","type":"product","link":"https:\/\/stockshopcl.com\/index.php\/product\/chaqueta-mezclilla-clara-fresas\/","title":{"rendered":"Chaqueta Mezclilla Clara Fresas"},"content":{"rendered":"<p>Chaqueta Mezclilla con dise\u00f1o de fresas<\/p>\n<p>Moda primavera \u2013 verano<\/p>\n<p>Talla est\u00e1ndar, en la imagen incluye las medidas en Cm como referencia.<\/p>\n<p>Estamos ubicados en Viana 33, Vi\u00f1a del Mar , hacemos entregas y env\u00edos a todo chile, domicilio o sucursales de preferencia<\/p>\n<p>Starken \u2013 Chileexpress \u2013 Bluexpress \u2013 Paket<\/p>\n<p>Siguenos en nuestras redes sociales instagram y Tik Tok como: @stockshopcl<\/p>\n","protected":false},"excerpt":{"rendered":"<p>Chaqueta Mezclilla con dise\u00f1o de fresas Moda primavera \u2013 verano Talla est\u00e1ndar, en la imagen incluye las medidas en Cm como referencia. Estamos ubicados en Viana 33, Vi\u00f1a del Mar , hacemos entregas y env\u00edos a todo chile, domicilio o sucursales de preferencia Starken \u2013 Chileexpress \u2013 Bluexpress \u2013 Paket Siguenos en nuestras redes sociales &hellip;<\/p>\n<p class=\"read-more\"> <a class=\"\" href=\"https:\/\/stockshopcl.com\/index.php\/product\/chaqueta-mezclilla-clara-fresas\/\"> <span class=\"screen-reader-text\">Chaqueta Mezclilla Clara Fresas<\/span> Leer m\u00e1s &raquo;<\/a><\/p>\n","protected":false},"featured_media":3814,"template":"","meta":[],"product_cat":[239],"product_tag":[],"class_list":["post-3630","product","type-product","status-publish","has-post-thumbnail","hentry","product_cat-vestuario-de-dama"],"_links":{"self":[{"href":"https:\/\/stockshopcl.com\/index.php\/wp-json\/wp\/v2\/product\/3630"}],"collection":[{"href":"https:\/\/stockshopcl.com\/index.php\/wp-json\/wp\/v2\/product"}],"about":[{"href":"https:\/\/stockshopcl.com\/index.php\/wp-json\/wp\/v2\/types\/product"}],"wp:featuredmedia":[{"embeddable":true,"href":"https:\/\/stockshopcl.com\/index.php\/wp-json\/wp\/v2\/media\/3814"}],"wp:attachment":[{"href":"https:\/\/stockshopcl.com\/index.php\/wp-json\/wp\/v2\/media?parent=3630"}],"wp:term":[{"taxonomy":"product_cat","embeddable":true,"href":"https:\/\/stockshopcl.com\/index.php\/wp-json\/wp\/v2\/product_cat?post=3630"},{"taxonomy":"product_tag","embeddable":true,"href":"https:\/\/stockshopcl.com\/index.php\/wp-json\/wp\/v2\/product_tag?post=3630"}],"curies":[{"name":"wp","href":"https:\/\/api.w.org\/{rel}","templated":true}]}}