{"id":3669,"date":"2025-09-14T19:35:37","date_gmt":"2025-09-14T22:35:37","guid":{"rendered":"https:\/\/stockshopcl.com\/?post_type=product&#038;p=3669"},"modified":"2025-09-24T17:42:24","modified_gmt":"2025-09-24T20:42:24","slug":"conjunto-casual-gris","status":"publish","type":"product","link":"https:\/\/stockshopcl.com\/index.php\/product\/conjunto-casual-gris\/","title":{"rendered":"Conjunto Casual Gris"},"content":{"rendered":"<p>El conjunto Fresco es una prenda dise\u00f1ada para la mujer moderna que busca comodidad y estilo. Con un corte fresco y vers\u00e1til, esta camisa se adapta f\u00e1cilmente a diferentes ocasiones, ya sea una salida casual o un evento m\u00e1s formal. Su material ligero permite una libertad de movimiento, ideal para el d\u00eda a d\u00eda.<\/p>\n<p>Camisa + Pantal\u00f3n<\/p>\n","protected":false},"excerpt":{"rendered":"<p>El conjunto Fresco es una prenda dise\u00f1ada para la mujer moderna que busca comodidad y estilo. Con un corte fresco y vers\u00e1til, esta camisa se adapta f\u00e1cilmente a diferentes ocasiones, ya sea una salida casual o un evento m\u00e1s formal. Su material ligero permite una libertad de movimiento, ideal para el d\u00eda a d\u00eda. Camisa &hellip;<\/p>\n<p class=\"read-more\"> <a class=\"\" href=\"https:\/\/stockshopcl.com\/index.php\/product\/conjunto-casual-gris\/\"> <span class=\"screen-reader-text\">Conjunto Casual Gris<\/span> Leer m\u00e1s &raquo;<\/a><\/p>\n","protected":false},"featured_media":3765,"template":"","meta":[],"product_cat":[239],"product_tag":[],"class_list":["post-3669","product","type-product","status-publish","has-post-thumbnail","hentry","product_cat-vestuario-de-dama"],"_links":{"self":[{"href":"https:\/\/stockshopcl.com\/index.php\/wp-json\/wp\/v2\/product\/3669"}],"collection":[{"href":"https:\/\/stockshopcl.com\/index.php\/wp-json\/wp\/v2\/product"}],"about":[{"href":"https:\/\/stockshopcl.com\/index.php\/wp-json\/wp\/v2\/types\/product"}],"wp:featuredmedia":[{"embeddable":true,"href":"https:\/\/stockshopcl.com\/index.php\/wp-json\/wp\/v2\/media\/3765"}],"wp:attachment":[{"href":"https:\/\/stockshopcl.com\/index.php\/wp-json\/wp\/v2\/media?parent=3669"}],"wp:term":[{"taxonomy":"product_cat","embeddable":true,"href":"https:\/\/stockshopcl.com\/index.php\/wp-json\/wp\/v2\/product_cat?post=3669"},{"taxonomy":"product_tag","embeddable":true,"href":"https:\/\/stockshopcl.com\/index.php\/wp-json\/wp\/v2\/product_tag?post=3669"}],"curies":[{"name":"wp","href":"https:\/\/api.w.org\/{rel}","templated":true}]}}