{"id":3938,"date":"2026-01-15T16:00:30","date_gmt":"2026-01-15T19:00:30","guid":{"rendered":"https:\/\/stockshopcl.com\/?post_type=product&#038;p=3938"},"modified":"2026-01-15T16:03:27","modified_gmt":"2026-01-15T19:03:27","slug":"zapatillas-black-2j181a","status":"publish","type":"product","link":"https:\/\/stockshopcl.com\/index.php\/product\/zapatillas-black-2j181a\/","title":{"rendered":"Zapatillas Black 2J181A"},"content":{"rendered":"<p>Las zapatillas negras de lona y plataforma para mujer son la elecci\u00f3n perfecta para quienes buscan estilo y comodidad en su d\u00eda a d\u00eda. Con un dise\u00f1o moderno y vers\u00e1til, estas zapatillas se adaptan a cualquier outfit, desde un look casual hasta uno m\u00e1s sofisticado. Su material de lona exterior proporciona una gran durabilidad, mientras que la suela de goma asegura un agarre \u00f3ptimo en diversas superficies. El modelo de plataforma no solo a\u00f1ade un toque de altura, sino que tambi\u00e9n ofrece una excelente amortiguaci\u00f3n, ideal para largas jornadas. El ajuste con cordones permite una personalizaci\u00f3n en el calce, brindando seguridad y confort en cada paso. Estas zapatillas son perfectas para el uso diario, convirti\u00e9ndose en un b\u00e1sico indispensable en el armario de cualquier mujer. Adem\u00e1s, su color negro las hace f\u00e1ciles de combinar, lo que las convierte en una opci\u00f3n vers\u00e1til para cualquier ocasi\u00f3n. Ya sea para un paseo por la ciudad, una reuni\u00f3n con amigos o simplemente para estar c\u00f3moda en casa, estas zapatillas son la elecci\u00f3n ideal. Dale a tus pies el estilo y la comodidad.<\/p>\n<p>\ud83d\udccdViana 33, vi\u00f1a<\/p>\n<p>Justo a la salida de la estaci\u00f3n Miramar \ud83d\ude89<\/p>\n<p>Aceptamos todo medio de pago \ud83d\udcb3<\/p>\n<p>Instagram: @stockshopcl<br \/>\nTik Tok: @stockshopcl<br \/>\nCat\u00e1logo WhatsApp: +56950731540<\/p>\n","protected":false},"excerpt":{"rendered":"<p>Las zapatillas negras de lona y plataforma para mujer son la elecci\u00f3n perfecta para quienes buscan estilo y comodidad en su d\u00eda a d\u00eda. Con un dise\u00f1o moderno y vers\u00e1til, estas zapatillas se adaptan a cualquier outfit, desde un look casual hasta uno m\u00e1s sofisticado. Su material de lona exterior proporciona una gran durabilidad, mientras &hellip;<\/p>\n<p class=\"read-more\"> <a class=\"\" href=\"https:\/\/stockshopcl.com\/index.php\/product\/zapatillas-black-2j181a\/\"> <span class=\"screen-reader-text\">Zapatillas Black 2J181A<\/span> Leer m\u00e1s &raquo;<\/a><\/p>\n","protected":false},"featured_media":3900,"template":"","meta":[],"product_cat":[237],"product_tag":[238],"class_list":["post-3938","product","type-product","status-publish","has-post-thumbnail","hentry","product_cat-calzado-de-dama","product_tag-zapatillas"],"_links":{"self":[{"href":"https:\/\/stockshopcl.com\/index.php\/wp-json\/wp\/v2\/product\/3938"}],"collection":[{"href":"https:\/\/stockshopcl.com\/index.php\/wp-json\/wp\/v2\/product"}],"about":[{"href":"https:\/\/stockshopcl.com\/index.php\/wp-json\/wp\/v2\/types\/product"}],"wp:featuredmedia":[{"embeddable":true,"href":"https:\/\/stockshopcl.com\/index.php\/wp-json\/wp\/v2\/media\/3900"}],"wp:attachment":[{"href":"https:\/\/stockshopcl.com\/index.php\/wp-json\/wp\/v2\/media?parent=3938"}],"wp:term":[{"taxonomy":"product_cat","embeddable":true,"href":"https:\/\/stockshopcl.com\/index.php\/wp-json\/wp\/v2\/product_cat?post=3938"},{"taxonomy":"product_tag","embeddable":true,"href":"https:\/\/stockshopcl.com\/index.php\/wp-json\/wp\/v2\/product_tag?post=3938"}],"curies":[{"name":"wp","href":"https:\/\/api.w.org\/{rel}","templated":true}]}}