{"id":40,"date":"2021-09-09T17:29:22","date_gmt":"2021-09-09T20:29:22","guid":{"rendered":"http:\/\/stockshopcl.com\/?post_type=product&#038;p=40"},"modified":"2024-07-10T21:31:17","modified_gmt":"2024-07-11T00:31:17","slug":"airpods-pro-4","status":"publish","type":"product","link":"https:\/\/stockshopcl.com\/index.php\/product\/airpods-pro-4\/","title":{"rendered":"Aud\u00edfonos Airpods PRO 4"},"content":{"rendered":"<p>Si buscas unos Airpods con una calidad de sonido potente y c\u00f3modos, los Airpods PRO 4 son tu mejor opci\u00f3n!!!<\/p>\n<p>cajas completamente selladas.<\/p>\n<p>\u2022 Los PRO 4 ofrecen un sonido equilibrado con unos bajos que te hacen sentir la m\u00fasica.<br \/>\n\u2022 Son compatibles con todos los dispositivos iOs y Android<br \/>\n\u2022 C\u00f3modos de transportar gracias a su ligereza.<br \/>\n\u2022 Disponibles en color Blanco.<br \/>\n\u2022 distancia 10 metros.<br \/>\n\u2022 se carga en 1 hora.<br \/>\nBater\u00eda dura de 4 a 5 horas<\/p>\n","protected":false},"excerpt":{"rendered":"<p>Si buscas unos Airpods con una calidad de sonido potente y c\u00f3modos, los Airpods PRO 4 son tu mejor opci\u00f3n!!! cajas completamente selladas. \u2022 Los PRO 4 ofrecen un sonido equilibrado con unos bajos que te hacen sentir la m\u00fasica. \u2022 Son compatibles con todos los dispositivos iOs y Android \u2022 C\u00f3modos de transportar gracias &hellip;<\/p>\n<p class=\"read-more\"> <a class=\"\" href=\"https:\/\/stockshopcl.com\/index.php\/product\/airpods-pro-4\/\"> <span class=\"screen-reader-text\">Aud\u00edfonos Airpods PRO 4<\/span> Leer m\u00e1s &raquo;<\/a><\/p>\n","protected":false},"featured_media":20,"template":"","meta":[],"product_cat":[16],"product_tag":[180],"class_list":["post-40","product","type-product","status-publish","has-post-thumbnail","hentry","product_cat-tecnologia","product_tag-audifonos-pro-4"],"_links":{"self":[{"href":"https:\/\/stockshopcl.com\/index.php\/wp-json\/wp\/v2\/product\/40"}],"collection":[{"href":"https:\/\/stockshopcl.com\/index.php\/wp-json\/wp\/v2\/product"}],"about":[{"href":"https:\/\/stockshopcl.com\/index.php\/wp-json\/wp\/v2\/types\/product"}],"wp:featuredmedia":[{"embeddable":true,"href":"https:\/\/stockshopcl.com\/index.php\/wp-json\/wp\/v2\/media\/20"}],"wp:attachment":[{"href":"https:\/\/stockshopcl.com\/index.php\/wp-json\/wp\/v2\/media?parent=40"}],"wp:term":[{"taxonomy":"product_cat","embeddable":true,"href":"https:\/\/stockshopcl.com\/index.php\/wp-json\/wp\/v2\/product_cat?post=40"},{"taxonomy":"product_tag","embeddable":true,"href":"https:\/\/stockshopcl.com\/index.php\/wp-json\/wp\/v2\/product_tag?post=40"}],"curies":[{"name":"wp","href":"https:\/\/api.w.org\/{rel}","templated":true}]}}