{"id":4251,"date":"2026-02-26T14:24:46","date_gmt":"2026-02-26T17:24:46","guid":{"rendered":"https:\/\/stockshopcl.com\/?post_type=product&#038;p=4251"},"modified":"2026-02-26T17:29:44","modified_gmt":"2026-02-26T20:29:44","slug":"botas-largas-negras-punta-2","status":"publish","type":"product","link":"https:\/\/stockshopcl.com\/index.php\/product\/botas-largas-negras-punta-2\/","title":{"rendered":"Botas Largas Negras punta"},"content":{"rendered":"<p>Las botas Bratz son la elecci\u00f3n perfecta para la mujer moderna que busca estilo y comodidad. Con un dise\u00f1o elegante en eco cuero negro, estas botas de ca\u00f1a alta 37 cm y taco medio 10 cm son ideales para cualquier ocasi\u00f3n, desde un d\u00eda de trabajo hasta una salida nocturna. Su versatilidad permite combinarlas con una amplia variedad de atuendos, desde jeans ajustados hasta vestidos fluidos. El taco de 10 cm proporciona un toque de sofisticaci\u00f3n sin sacrificar la comodidad, permitiendo que te sientas segura y a la moda durante todo el d\u00eda. Adem\u00e1s, su material de alta calidad asegura durabilidad y resistencia, convirti\u00e9ndolas en una inversi\u00f3n inteligente para tu guardarropa. Estas botas no solo son un accesorio de moda, sino tambi\u00e9n una declaraci\u00f3n de estilo que refleja tu personalidad. Atr\u00e9vete a destacar y a caminar con confianza en cada paso que des.<\/p>\n<p>Estamos ubicados en el Centro de Vi\u00f1a<\/p>\n<p>\ud83d\udccdViana 33, vi\u00f1a<\/p>\n<p>Justo a la salida de la estaci\u00f3n Miramar \ud83d\ude89<\/p>\n<p>Aceptamos todo medio de pago \ud83d\udcb3<\/p>\n<p>Instagram: @stockshopcl<br \/>\nTik Tok: @stockshopcl<br \/>\nCat\u00e1logo WhatsApp: +56950731540<\/p>\n","protected":false},"excerpt":{"rendered":"<p>Las botas Bratz son la elecci\u00f3n perfecta para la mujer moderna que busca estilo y comodidad. Con un dise\u00f1o elegante en eco cuero negro, estas botas de ca\u00f1a alta 37 cm y taco medio 10 cm son ideales para cualquier ocasi\u00f3n, desde un d\u00eda de trabajo hasta una salida nocturna. Su versatilidad permite combinarlas con &hellip;<\/p>\n<p class=\"read-more\"> <a class=\"\" href=\"https:\/\/stockshopcl.com\/index.php\/product\/botas-largas-negras-punta-2\/\"> <span class=\"screen-reader-text\">Botas Largas Negras punta<\/span> Leer m\u00e1s &raquo;<\/a><\/p>\n","protected":false},"featured_media":3871,"template":"","meta":[],"product_cat":[237],"product_tag":[],"class_list":["post-4251","product","type-product","status-publish","has-post-thumbnail","hentry","product_cat-calzado-de-dama"],"_links":{"self":[{"href":"https:\/\/stockshopcl.com\/index.php\/wp-json\/wp\/v2\/product\/4251"}],"collection":[{"href":"https:\/\/stockshopcl.com\/index.php\/wp-json\/wp\/v2\/product"}],"about":[{"href":"https:\/\/stockshopcl.com\/index.php\/wp-json\/wp\/v2\/types\/product"}],"wp:featuredmedia":[{"embeddable":true,"href":"https:\/\/stockshopcl.com\/index.php\/wp-json\/wp\/v2\/media\/3871"}],"wp:attachment":[{"href":"https:\/\/stockshopcl.com\/index.php\/wp-json\/wp\/v2\/media?parent=4251"}],"wp:term":[{"taxonomy":"product_cat","embeddable":true,"href":"https:\/\/stockshopcl.com\/index.php\/wp-json\/wp\/v2\/product_cat?post=4251"},{"taxonomy":"product_tag","embeddable":true,"href":"https:\/\/stockshopcl.com\/index.php\/wp-json\/wp\/v2\/product_tag?post=4251"}],"curies":[{"name":"wp","href":"https:\/\/api.w.org\/{rel}","templated":true}]}}