{"id":4355,"date":"2026-02-26T16:53:16","date_gmt":"2026-02-26T19:53:16","guid":{"rendered":"https:\/\/stockshopcl.com\/?post_type=product&#038;p=4355"},"modified":"2026-02-26T16:57:14","modified_gmt":"2026-02-26T19:57:14","slug":"botas-candado-brillo","status":"publish","type":"product","link":"https:\/\/stockshopcl.com\/index.php\/product\/botas-candado-brillo\/","title":{"rendered":"Botas Candado Brillo"},"content":{"rendered":"<p>Las botas largas negras con 10 cm de taco son la elecci\u00f3n perfecta para la mujer moderna que busca estilo y comodidad en su calzado. Con un dise\u00f1o elegante y contempor\u00e1neo, estas botas se adaptan a diversas ocasiones, desde un d\u00eda de trabajo hasta una salida nocturna. Su ca\u00f1a alta cubierta de brillos proporciona un toque sofisticado, mientras que su confecci\u00f3n cuidadosa asegura un ajuste perfecto. El modelo de bota larga est\u00e1 dise\u00f1ado para ofrecer una experiencia de uso placentera, permitiendo que tus pies se sientan c\u00f3modos durante todo el d\u00eda. La versatilidad de este calzado permite combinaciones con diferentes estilos de ropa, desde vestidos hasta jeans, haciendo que cada atuendo luzca impecable. Adem\u00e1s, estas botas son ideales para la temporada, brindando no solo un look atractivo, sino tambi\u00e9n la funcionalidad que necesitas. La atenci\u00f3n al detalle en su dise\u00f1o asegura que cada paso que des sea con confianza y estilo.<\/p>\n<p>Estamos ubicados en el Centro de Vi\u00f1a<\/p>\n<p>\ud83d\udccdViana 33, vi\u00f1a<\/p>\n<p>Justo a la salida de la estaci\u00f3n Miramar \ud83d\ude89<\/p>\n<p>Aceptamos todo medio de pago \ud83d\udcb3<\/p>\n<p>Instagram: @stockshopcl<br \/>\nTik Tok: @stockshopcl<br \/>\nCat\u00e1logo WhatsApp: +56950731540<\/p>\n","protected":false},"excerpt":{"rendered":"<p>Las botas largas negras con 10 cm de taco son la elecci\u00f3n perfecta para la mujer moderna que busca estilo y comodidad en su calzado. Con un dise\u00f1o elegante y contempor\u00e1neo, estas botas se adaptan a diversas ocasiones, desde un d\u00eda de trabajo hasta una salida nocturna. Su ca\u00f1a alta cubierta de brillos proporciona un &hellip;<\/p>\n<p class=\"read-more\"> <a class=\"\" href=\"https:\/\/stockshopcl.com\/index.php\/product\/botas-candado-brillo\/\"> <span class=\"screen-reader-text\">Botas Candado Brillo<\/span> Leer m\u00e1s &raquo;<\/a><\/p>\n","protected":false},"featured_media":4362,"template":"","meta":[],"product_cat":[237],"product_tag":[],"class_list":["post-4355","product","type-product","status-publish","has-post-thumbnail","hentry","product_cat-calzado-de-dama"],"_links":{"self":[{"href":"https:\/\/stockshopcl.com\/index.php\/wp-json\/wp\/v2\/product\/4355"}],"collection":[{"href":"https:\/\/stockshopcl.com\/index.php\/wp-json\/wp\/v2\/product"}],"about":[{"href":"https:\/\/stockshopcl.com\/index.php\/wp-json\/wp\/v2\/types\/product"}],"wp:featuredmedia":[{"embeddable":true,"href":"https:\/\/stockshopcl.com\/index.php\/wp-json\/wp\/v2\/media\/4362"}],"wp:attachment":[{"href":"https:\/\/stockshopcl.com\/index.php\/wp-json\/wp\/v2\/media?parent=4355"}],"wp:term":[{"taxonomy":"product_cat","embeddable":true,"href":"https:\/\/stockshopcl.com\/index.php\/wp-json\/wp\/v2\/product_cat?post=4355"},{"taxonomy":"product_tag","embeddable":true,"href":"https:\/\/stockshopcl.com\/index.php\/wp-json\/wp\/v2\/product_tag?post=4355"}],"curies":[{"name":"wp","href":"https:\/\/api.w.org\/{rel}","templated":true}]}}