{"id":4421,"date":"2026-02-26T19:07:55","date_gmt":"2026-02-26T22:07:55","guid":{"rendered":"https:\/\/stockshopcl.com\/?post_type=product&#038;p=4421"},"modified":"2026-02-26T19:07:55","modified_gmt":"2026-02-26T22:07:55","slug":"botas-cafes-camp","status":"publish","type":"product","link":"https:\/\/stockshopcl.com\/index.php\/product\/botas-cafes-camp\/","title":{"rendered":"Botas Cafes Camp"},"content":{"rendered":"<p>Las Botas de Mujer para Ciudad o Campo en color caf\u00e9, son la elecci\u00f3n perfecta para quienes buscan estilo y comodidad en su d\u00eda a d\u00eda. Con un dise\u00f1o moderno y vers\u00e1til, estas botas se adaptan tanto a un paseo por la ciudad como a una escapada al campo, brindando un toque chic a cualquier atuendo. Presenta una ca\u00f1a media que proporciona un soporte ideal, mientras que su taco cu\u00f1a de bajo nivel asegura una pisada c\u00f3moda y estable. Estas caracter\u00edsticas hacen que sean perfectas para largas jornadas, sin sacrificar la elegancia. Fabricadas en eco cuero, estas botas no solo son una opci\u00f3n estilizada, sino tambi\u00e9n una elecci\u00f3n consciente para quienes valoran la moda sostenible. Su dise\u00f1o atemporal y su color caf\u00e9 permiten combinarlas f\u00e1cilmente con una variedad de prendas, desde jeans hasta vestidos.<\/p>\n<p>Estamos ubicados en el Centro de Vi\u00f1a<\/p>\n<p>\ud83d\udccdViana 33, vi\u00f1a<\/p>\n<p>Justo a la salida de la estaci\u00f3n Miramar \ud83d\ude89<\/p>\n<p>Aceptamos todo medio de pago \ud83d\udcb3<\/p>\n<p>Instagram: @stockshopcl<br \/>\nTik Tok: @stockshopcl<br \/>\nCat\u00e1logo WhatsApp: +56950731540<\/p>\n","protected":false},"excerpt":{"rendered":"<p>Las Botas de Mujer para Ciudad o Campo en color caf\u00e9, son la elecci\u00f3n perfecta para quienes buscan estilo y comodidad en su d\u00eda a d\u00eda. Con un dise\u00f1o moderno y vers\u00e1til, estas botas se adaptan tanto a un paseo por la ciudad como a una escapada al campo, brindando un toque chic a cualquier &hellip;<\/p>\n<p class=\"read-more\"> <a class=\"\" href=\"https:\/\/stockshopcl.com\/index.php\/product\/botas-cafes-camp\/\"> <span class=\"screen-reader-text\">Botas Cafes Camp<\/span> Leer m\u00e1s &raquo;<\/a><\/p>\n","protected":false},"featured_media":4428,"template":"","meta":[],"product_cat":[237],"product_tag":[],"class_list":["post-4421","product","type-product","status-publish","has-post-thumbnail","hentry","product_cat-calzado-de-dama"],"_links":{"self":[{"href":"https:\/\/stockshopcl.com\/index.php\/wp-json\/wp\/v2\/product\/4421"}],"collection":[{"href":"https:\/\/stockshopcl.com\/index.php\/wp-json\/wp\/v2\/product"}],"about":[{"href":"https:\/\/stockshopcl.com\/index.php\/wp-json\/wp\/v2\/types\/product"}],"wp:featuredmedia":[{"embeddable":true,"href":"https:\/\/stockshopcl.com\/index.php\/wp-json\/wp\/v2\/media\/4428"}],"wp:attachment":[{"href":"https:\/\/stockshopcl.com\/index.php\/wp-json\/wp\/v2\/media?parent=4421"}],"wp:term":[{"taxonomy":"product_cat","embeddable":true,"href":"https:\/\/stockshopcl.com\/index.php\/wp-json\/wp\/v2\/product_cat?post=4421"},{"taxonomy":"product_tag","embeddable":true,"href":"https:\/\/stockshopcl.com\/index.php\/wp-json\/wp\/v2\/product_tag?post=4421"}],"curies":[{"name":"wp","href":"https:\/\/api.w.org\/{rel}","templated":true}]}}