{"id":4430,"date":"2026-02-26T19:16:17","date_gmt":"2026-02-26T22:16:17","guid":{"rendered":"https:\/\/stockshopcl.com\/?post_type=product&#038;p=4430"},"modified":"2026-02-26T19:16:17","modified_gmt":"2026-02-26T22:16:17","slug":"botas-cafes-estilo-bratz","status":"publish","type":"product","link":"https:\/\/stockshopcl.com\/index.php\/product\/botas-cafes-estilo-bratz\/","title":{"rendered":"Botas Cafes Estilo Bratz"},"content":{"rendered":"<p>Descubre las Botas Para Mujer Estilo Brats en color caf\u00e9, un modelo bucanera que combina elegancia y comodidad. Dise\u00f1adas para la mujer moderna, estas botas de ca\u00f1a alta ofrecen un estilo audaz y sofisticado, perfectas para cualquier ocasi\u00f3n. Su taco alto proporciona un toque de distinci\u00f3n, elevando tu look sin sacrificar la comodidad. Fabricadas en eco cuero, estas botas son ideales para quienes buscan un calzado que refleje su personalidad. Su dise\u00f1o vers\u00e1til permite combinarlas con una variedad de atuendos, desde jeans ajustados hasta vestidos fluidos. Con un lanzamiento previsto para 2026, estas botas se posicionan como una opci\u00f3n imprescindible en el armario de toda mujer que aprecia la moda.<\/p>\n<p>Estamos ubicados en el Centro de Vi\u00f1a<\/p>\n<p>\ud83d\udccdViana 33, vi\u00f1a<\/p>\n<p>Justo a la salida de la estaci\u00f3n Miramar \ud83d\ude89<\/p>\n<p>Aceptamos todo medio de pago \ud83d\udcb3<\/p>\n<p>Instagram: @stockshopcl<br \/>\nTik Tok: @stockshopcl<br \/>\nCat\u00e1logo WhatsApp: +56950731540<\/p>\n","protected":false},"excerpt":{"rendered":"<p>Descubre las Botas Para Mujer Estilo Brats en color caf\u00e9, un modelo bucanera que combina elegancia y comodidad. Dise\u00f1adas para la mujer moderna, estas botas de ca\u00f1a alta ofrecen un estilo audaz y sofisticado, perfectas para cualquier ocasi\u00f3n. Su taco alto proporciona un toque de distinci\u00f3n, elevando tu look sin sacrificar la comodidad. Fabricadas en &hellip;<\/p>\n<p class=\"read-more\"> <a class=\"\" href=\"https:\/\/stockshopcl.com\/index.php\/product\/botas-cafes-estilo-bratz\/\"> <span class=\"screen-reader-text\">Botas Cafes Estilo Bratz<\/span> Leer m\u00e1s &raquo;<\/a><\/p>\n","protected":false},"featured_media":4436,"template":"","meta":[],"product_cat":[237],"product_tag":[],"class_list":["post-4430","product","type-product","status-publish","has-post-thumbnail","hentry","product_cat-calzado-de-dama"],"_links":{"self":[{"href":"https:\/\/stockshopcl.com\/index.php\/wp-json\/wp\/v2\/product\/4430"}],"collection":[{"href":"https:\/\/stockshopcl.com\/index.php\/wp-json\/wp\/v2\/product"}],"about":[{"href":"https:\/\/stockshopcl.com\/index.php\/wp-json\/wp\/v2\/types\/product"}],"wp:featuredmedia":[{"embeddable":true,"href":"https:\/\/stockshopcl.com\/index.php\/wp-json\/wp\/v2\/media\/4436"}],"wp:attachment":[{"href":"https:\/\/stockshopcl.com\/index.php\/wp-json\/wp\/v2\/media?parent=4430"}],"wp:term":[{"taxonomy":"product_cat","embeddable":true,"href":"https:\/\/stockshopcl.com\/index.php\/wp-json\/wp\/v2\/product_cat?post=4430"},{"taxonomy":"product_tag","embeddable":true,"href":"https:\/\/stockshopcl.com\/index.php\/wp-json\/wp\/v2\/product_tag?post=4430"}],"curies":[{"name":"wp","href":"https:\/\/api.w.org\/{rel}","templated":true}]}}