{"id":746,"date":"2021-09-21T12:47:39","date_gmt":"2021-09-21T15:47:39","guid":{"rendered":"https:\/\/stockshopcl.com\/?post_type=product&#038;p=746"},"modified":"2024-07-10T21:16:37","modified_gmt":"2024-07-11T00:16:37","slug":"mause-convencional","status":"publish","type":"product","link":"https:\/\/stockshopcl.com\/index.php\/product\/mause-convencional\/","title":{"rendered":"Mause Convencional"},"content":{"rendered":"<p>Mause convencional de Oficina.<br \/>\nDise\u00f1o Ergon\u00f3mico.<br \/>\n3 botones.<br \/>\nCable USB.<br \/>\n\u00d3ptico de alta precisi\u00f3n.<br \/>\nDPI 1600.<\/p>\n","protected":false},"excerpt":{"rendered":"<p>Mause convencional de Oficina. Dise\u00f1o Ergon\u00f3mico. 3 botones. Cable USB. \u00d3ptico de alta precisi\u00f3n. DPI 1600.<\/p>\n","protected":false},"featured_media":747,"template":"","meta":[],"product_cat":[16],"product_tag":[133],"class_list":["post-746","product","type-product","status-publish","has-post-thumbnail","hentry","product_cat-tecnologia","product_tag-mause"],"_links":{"self":[{"href":"https:\/\/stockshopcl.com\/index.php\/wp-json\/wp\/v2\/product\/746"}],"collection":[{"href":"https:\/\/stockshopcl.com\/index.php\/wp-json\/wp\/v2\/product"}],"about":[{"href":"https:\/\/stockshopcl.com\/index.php\/wp-json\/wp\/v2\/types\/product"}],"wp:featuredmedia":[{"embeddable":true,"href":"https:\/\/stockshopcl.com\/index.php\/wp-json\/wp\/v2\/media\/747"}],"wp:attachment":[{"href":"https:\/\/stockshopcl.com\/index.php\/wp-json\/wp\/v2\/media?parent=746"}],"wp:term":[{"taxonomy":"product_cat","embeddable":true,"href":"https:\/\/stockshopcl.com\/index.php\/wp-json\/wp\/v2\/product_cat?post=746"},{"taxonomy":"product_tag","embeddable":true,"href":"https:\/\/stockshopcl.com\/index.php\/wp-json\/wp\/v2\/product_tag?post=746"}],"curies":[{"name":"wp","href":"https:\/\/api.w.org\/{rel}","templated":true}]}}